{"id":1866,"date":"2024-03-11T10:25:04","date_gmt":"2024-03-11T09:25:04","guid":{"rendered":"https:\/\/freshstream.twelvetwentystage.com\/value-creation\/"},"modified":"2025-03-03T16:35:36","modified_gmt":"2025-03-03T15:35:36","slug":"creation-de-valeur","status":"publish","type":"page","link":"https:\/\/freshstream.twelvetwentystage.com\/fr\/creation-de-valeur\/","title":{"rendered":"Cr\u00e9ation de valeur"},"content":{"rendered":"\n<div class=\"block block-video-text has-background-color background-color-dark-blue\" data-name=\"Video &#038; text\" id=\"block_872f27a890bef373a2ca4360af4be0d7\">\n    <div class=\"video-text trigger-in-view-later\">\n        <div class=\"container\">\n            <div class=\"wrapper\">\n                                    <div class=\"image-wrapper\">\n                        <div class=\"image open-popup-link\">\n                                    <picture>\n            <source media=\"(max-width:600px)\" srcset=\"https:\/\/freshstream.twelvetwentystage.com\/wp-content\/uploads\/2024\/04\/Video-Away-resorts-800x535.jpg\">\n            <img loading=\"lazy\" decoding=\"async\"\n                src=\"https:\/\/freshstream.twelvetwentystage.com\/wp-content\/uploads\/2024\/04\/Video-Away-resorts.jpg\"\n                width=\"800\"\n                height=\"535\"\n                alt=\"video-away-resorts\"\n                class=\"\"\n            \/>\n        <\/picture>\n                                <button class=\"video-text-play-button\">\n                                <svg xmlns=\"http:\/\/www.w3.org\/2000\/svg\" width=\"12\" height=\"14\" viewBox=\"0 0 12 14\">\n\t<path id=\"Polygon_1\" data-name=\"Polygon 1\" d=\"M7,0l7,12H0Z\" transform=\"translate(12) rotate(90)\" fill=\"#fff\" \/>\n<\/svg>\n                            <\/button>\n                        <\/div>\n\n                                                <div class=\"vimeo-shadowbox vimeo-shadowbox--hidden\">\n                            <div class=\"vimeo-shadowbox__video-wrapper-frame\">\n                                <div class=\"vimeo-shadowbox__video-frame\">\n                                    <div style=\"padding:56.25% 0 0 0;position:relative;\"><iframe src=\"https:\/\/player.vimeo.com\/video\/935633954?h=4dfdab1383&amp;badge=0&amp;autopause=0&amp;player_id=0&amp;app_id=58479\" frameborder=\"0\" allow=\"autoplay; fullscreen; picture-in-picture; clipboard-write\" style=\"position:absolute;top:0;left:0;width:100%;height:100%;\" title=\"Case Study - Away Resorts (2024)\"><\/iframe><\/div><script src=\"https:\/\/player.vimeo.com\/api\/player.js\"><\/script>                                <\/div>\n                                <a class=\"vimeo-shadowbox__close-button\" href=\"#\">Close<\/a>\n                            <\/div>\n                        <\/div>\n                        \n                    <\/div>\n                \n                <div class=\"text-wrapper\">\n                    <h4 class=\"title h3 fade\">\n                        \u201cFreshstream nous a apport\u00e9 de nouvelles fa\u00e7ons de penser et de travailler, nous permettant de gagner en efficacit\u00e9 en tant qu\u2019\u00e9quipe, sans \u00eatre intrusif.\u201d                    <\/h4>\n                    <div class=\"text fade\">\n                        Carl Castledine &#8211; DG d\u2019Away Resorts                    <\/div>\n                <\/div>\n            <\/div>\n        <\/div>\n    <\/div>\n<\/div>\n\n\n\n<div class=\"block block-values\" data-name=\"Values\" id=\"block_f392d154f6daafc4ff0d5198951ba208\">\n    <div class=\"values\">\n\n        <div class=\"intro container\">\n            <div class=\"col col-text\">\n                <p class=\"title h2\">\n                    Comment nous accompagnons nos entreprises en portefeuille                <\/p>\n                <p class=\"text\">\n                    Notre soutien s\u2019adapte aux besoins sp\u00e9cifiques de chaque entreprise, mais nous intervenons g\u00e9n\u00e9ralement dans les domaines suivants:                <\/p>\n            <\/div>\n            <div class=\"col col-button\">\n                \n            <a class=\"button ghost\"\n            href=\"https:\/\/freshstream.twelvetwentystage.com\/fr\/portefeuille\/\"\n            target=\"\"\n                    >\n            PORTEFEUILLE\n                    <\/a>\n    \n                <\/div>\n        <\/div>\n\n        <div class=\"faq-container container\">\n\n\n            <div class=\"col col-image\">\n                <div class=\"image\">\n                            <picture>\n            <source media=\"(max-width:600px)\" srcset=\"https:\/\/freshstream.twelvetwentystage.com\/wp-content\/uploads\/2024\/05\/Avicenna-Mixed_M1A6957-800x530.png\">\n            <img loading=\"lazy\" decoding=\"async\"\n                src=\"https:\/\/freshstream.twelvetwentystage.com\/wp-content\/uploads\/2024\/05\/Avicenna-Mixed_M1A6957.png\"\n                width=\"800\"\n                height=\"530\"\n                alt=\"avicenna mixed_m1a6957\"\n                class=\"\"\n            \/>\n        <\/picture>\n                    <\/div>\n            <\/div>\n\n            <div class=\"col\">\n                <div class=\"question-wrapper\">\n                                            <div class=\"question-container open\">\n                            <div class=\"question\"\n                                data-value-image=\"https:\/\/freshstream.twelvetwentystage.com\/wp-content\/uploads\/2024\/05\/Avicenna-Mixed_M1A6957.png\"\n                                data-value-image-mobile=\"https:\/\/freshstream.twelvetwentystage.com\/wp-content\/uploads\/2024\/05\/Avicenna-Mixed_M1A6957-800x530.png\">\n                                <div class=\"button-dropdown\">\n                                    <svg xmlns=\"http:\/\/www.w3.org\/2000\/svg\" width=\"12.6\" height=\"12.63\" viewBox=\"0 0 12.6 12.63\">\n\t<path id=\"Path_11813\" data-name=\"Path 11813\" d=\"M13.56-10.17a.265.265,0,0,1,.3.3v.78a.265.265,0,0,1-.3.3H8.37a.106.106,0,0,0-.12.12V-3.6a.265.265,0,0,1-.3.3H7.17a.265.265,0,0,1-.3-.3V-8.67a.106.106,0,0,0-.12-.12H1.56a.265.265,0,0,1-.3-.3v-.78a.265.265,0,0,1,.3-.3H6.75a.106.106,0,0,0,.12-.12v-5.34a.265.265,0,0,1,.3-.3h.78a.265.265,0,0,1,.3.3v5.34a.106.106,0,0,0,.12.12Z\" transform=\"translate(-1.26 15.93)\" \/>\n<\/svg>\n                                    <svg xmlns=\"http:\/\/www.w3.org\/2000\/svg\" width=\"12\" height=\"1.2\" viewBox=\"0 0 12 1.2\">\n\t<line id=\"Line_31\" data-name=\"Line 31\" x2=\"12\" transform=\"translate(0 0.6)\" fill=\"none\" stroke=\"#6d7884\" stroke-width=\"1.2\" \/>\n<\/svg>\n                                <\/div>\n                                <p class=\"question-text h6\">\n                                    D\u00e9passer les fronti\u00e8res                                <\/p>\n                            <\/div>\n                            <div class=\"answer\">\n                                <div class=\"answer-wrapper\">\n                                    <p>\u00c0 un certain stade, les leaders de march\u00e9 atteignent un plafond de croissance dans leur pays d\u2019origine et cherchent \u00e0 s\u2019\u00e9tendre vers de nouvelles zones g\u00e9ographiques pour toucher de nouveaux clients. S\u2019implanter sur de nouveaux march\u00e9s est une opportunit\u00e9 stimulante, mais qui peut aussi \u00eatre un d\u00e9fi.<\/p>\n<p>En tant qu\u2019investisseur international, nous avons accompagn\u00e9 de nombreuses entreprises dans cette transition. Nous les aidons \u00e0 identifier les march\u00e9s porteurs, \u00e0 \u00e9laborer une strat\u00e9gie efficace et \u00e0 assurer une ex\u00e9cution r\u00e9ussie.<\/p>\n                                <\/div>\n                            <\/div>\n                        <\/div>\n                                            <div class=\"question-container \">\n                            <div class=\"question\"\n                                data-value-image=\"https:\/\/freshstream.twelvetwentystage.com\/wp-content\/uploads\/2024\/05\/Avicenna-Mixed_M1A6957.png\"\n                                data-value-image-mobile=\"https:\/\/freshstream.twelvetwentystage.com\/wp-content\/uploads\/2024\/05\/Avicenna-Mixed_M1A6957-800x530.png\">\n                                <div class=\"button-dropdown\">\n                                    <svg xmlns=\"http:\/\/www.w3.org\/2000\/svg\" width=\"12.6\" height=\"12.63\" viewBox=\"0 0 12.6 12.63\">\n\t<path id=\"Path_11813\" data-name=\"Path 11813\" d=\"M13.56-10.17a.265.265,0,0,1,.3.3v.78a.265.265,0,0,1-.3.3H8.37a.106.106,0,0,0-.12.12V-3.6a.265.265,0,0,1-.3.3H7.17a.265.265,0,0,1-.3-.3V-8.67a.106.106,0,0,0-.12-.12H1.56a.265.265,0,0,1-.3-.3v-.78a.265.265,0,0,1,.3-.3H6.75a.106.106,0,0,0,.12-.12v-5.34a.265.265,0,0,1,.3-.3h.78a.265.265,0,0,1,.3.3v5.34a.106.106,0,0,0,.12.12Z\" transform=\"translate(-1.26 15.93)\" \/>\n<\/svg>\n                                    <svg xmlns=\"http:\/\/www.w3.org\/2000\/svg\" width=\"12\" height=\"1.2\" viewBox=\"0 0 12 1.2\">\n\t<line id=\"Line_31\" data-name=\"Line 31\" x2=\"12\" transform=\"translate(0 0.6)\" fill=\"none\" stroke=\"#6d7884\" stroke-width=\"1.2\" \/>\n<\/svg>\n                                <\/div>\n                                <p class=\"question-text h6\">\n                                    Acc\u00e9l\u00e9rer les ventes                                <\/p>\n                            <\/div>\n                            <div class=\"answer\">\n                                <div class=\"answer-wrapper\">\n                                    <p>La cl\u00e9 du succ\u00e8s r\u00e9side souvent dans la capacit\u00e9 \u00e0 amplifier ce qui fonctionne d\u00e9j\u00e0! Nous pouvons vous aider \u00e0 d\u00e9velopper votre force de vente et \u00e0 maximiser son efficacit\u00e9, \u00e0 identifier de nouveaux segments de client\u00e8le et \u00e0 affiner votre strat\u00e9gie marketing.<\/p>\n                                <\/div>\n                            <\/div>\n                        <\/div>\n                                            <div class=\"question-container \">\n                            <div class=\"question\"\n                                data-value-image=\"https:\/\/freshstream.twelvetwentystage.com\/wp-content\/uploads\/2024\/05\/Avicenna-Mixed_M1A6957.png\"\n                                data-value-image-mobile=\"https:\/\/freshstream.twelvetwentystage.com\/wp-content\/uploads\/2024\/05\/Avicenna-Mixed_M1A6957-800x530.png\">\n                                <div class=\"button-dropdown\">\n                                    <svg xmlns=\"http:\/\/www.w3.org\/2000\/svg\" width=\"12.6\" height=\"12.63\" viewBox=\"0 0 12.6 12.63\">\n\t<path id=\"Path_11813\" data-name=\"Path 11813\" d=\"M13.56-10.17a.265.265,0,0,1,.3.3v.78a.265.265,0,0,1-.3.3H8.37a.106.106,0,0,0-.12.12V-3.6a.265.265,0,0,1-.3.3H7.17a.265.265,0,0,1-.3-.3V-8.67a.106.106,0,0,0-.12-.12H1.56a.265.265,0,0,1-.3-.3v-.78a.265.265,0,0,1,.3-.3H6.75a.106.106,0,0,0,.12-.12v-5.34a.265.265,0,0,1,.3-.3h.78a.265.265,0,0,1,.3.3v5.34a.106.106,0,0,0,.12.12Z\" transform=\"translate(-1.26 15.93)\" \/>\n<\/svg>\n                                    <svg xmlns=\"http:\/\/www.w3.org\/2000\/svg\" width=\"12\" height=\"1.2\" viewBox=\"0 0 12 1.2\">\n\t<line id=\"Line_31\" data-name=\"Line 31\" x2=\"12\" transform=\"translate(0 0.6)\" fill=\"none\" stroke=\"#6d7884\" stroke-width=\"1.2\" \/>\n<\/svg>\n                                <\/div>\n                                <p class=\"question-text h6\">\n                                    Build-up externe                                <\/p>\n                            <\/div>\n                            <div class=\"answer\">\n                                <div class=\"answer-wrapper\">\n                                    <p>Si la croissance organique est essentielle, les acquisitions peuvent \u00eatre un levier strat\u00e9gique pour p\u00e9n\u00e9trer de nouveaux march\u00e9s, diversifier l\u2019offre produit ou acc\u00e9l\u00e9rer la croissance.<\/p>\n<p>Gr\u00e2ce \u00e0 notre solide exp\u00e9rience en fusions et acquisitions, nous vous accompagnons \u00e0 chaque \u00e9tape du processus:<\/p>\n<ul>\n<li>Identification et s\u00e9lection des cibles d\u2019acquisition<\/li>\n<li>Due diligence et structuration de l\u2019op\u00e9ration<\/li>\n<li>Gestion du processus d\u2019acquisition<\/li>\n<li>Recherche et obtention du financement<\/li>\n<\/ul>\n<p>Les op\u00e9rations de croissance externe sont au c\u0153ur de notre expertise chez Freshstream.<\/p>\n                                <\/div>\n                            <\/div>\n                        <\/div>\n                                            <div class=\"question-container \">\n                            <div class=\"question\"\n                                data-value-image=\"https:\/\/freshstream.twelvetwentystage.com\/wp-content\/uploads\/2024\/05\/Avicenna-Mixed_M1A6957.png\"\n                                data-value-image-mobile=\"https:\/\/freshstream.twelvetwentystage.com\/wp-content\/uploads\/2024\/05\/Avicenna-Mixed_M1A6957-800x530.png\">\n                                <div class=\"button-dropdown\">\n                                    <svg xmlns=\"http:\/\/www.w3.org\/2000\/svg\" width=\"12.6\" height=\"12.63\" viewBox=\"0 0 12.6 12.63\">\n\t<path id=\"Path_11813\" data-name=\"Path 11813\" d=\"M13.56-10.17a.265.265,0,0,1,.3.3v.78a.265.265,0,0,1-.3.3H8.37a.106.106,0,0,0-.12.12V-3.6a.265.265,0,0,1-.3.3H7.17a.265.265,0,0,1-.3-.3V-8.67a.106.106,0,0,0-.12-.12H1.56a.265.265,0,0,1-.3-.3v-.78a.265.265,0,0,1,.3-.3H6.75a.106.106,0,0,0,.12-.12v-5.34a.265.265,0,0,1,.3-.3h.78a.265.265,0,0,1,.3.3v5.34a.106.106,0,0,0,.12.12Z\" transform=\"translate(-1.26 15.93)\" \/>\n<\/svg>\n                                    <svg xmlns=\"http:\/\/www.w3.org\/2000\/svg\" width=\"12\" height=\"1.2\" viewBox=\"0 0 12 1.2\">\n\t<line id=\"Line_31\" data-name=\"Line 31\" x2=\"12\" transform=\"translate(0 0.6)\" fill=\"none\" stroke=\"#6d7884\" stroke-width=\"1.2\" \/>\n<\/svg>\n                                <\/div>\n                                <p class=\"question-text h6\">\n                                    D\u00e9velopper l\u2019\u00e9quipe                                <\/p>\n                            <\/div>\n                            <div class=\"answer\">\n                                <div class=\"answer-wrapper\">\n                                    <p>Chez Freshstream, nous sommes fermement convaincus que le succ\u00e8s d\u2019une entreprise repose avant tout sur les personnes qui la dirigent. C\u2019est pourquoi nous investissons dans le d\u00e9veloppement des \u00e9quipes de nos entreprises en portefeuille, en favorisant un leadership fort et en soutenant des collaborateurs engag\u00e9s . Nous accompagnons nos entreprises dans plusieurs domaines, notamment en renfor\u00e7ant l\u2019\u00e9quipe de direction, en recrutant de nouveaux talents, en pr\u00e9servant et en d\u00e9veloppant la culture d\u2019entreprise, ainsi qu\u2019en stimulant l\u2019engagement et la motivation des employ\u00e9s. Nous proposons \u00e9galement un programme de d\u00e9veloppement de leadership sur mesure, FreshThinking, dont vous trouverez plus d\u2019informations ci-dessous.<\/p>\n                                <\/div>\n                            <\/div>\n                        <\/div>\n                                            <div class=\"question-container \">\n                            <div class=\"question\"\n                                data-value-image=\"https:\/\/freshstream.twelvetwentystage.com\/wp-content\/uploads\/2024\/05\/Avicenna-Mixed_M1A6957.png\"\n                                data-value-image-mobile=\"https:\/\/freshstream.twelvetwentystage.com\/wp-content\/uploads\/2024\/05\/Avicenna-Mixed_M1A6957-800x530.png\">\n                                <div class=\"button-dropdown\">\n                                    <svg xmlns=\"http:\/\/www.w3.org\/2000\/svg\" width=\"12.6\" height=\"12.63\" viewBox=\"0 0 12.6 12.63\">\n\t<path id=\"Path_11813\" data-name=\"Path 11813\" d=\"M13.56-10.17a.265.265,0,0,1,.3.3v.78a.265.265,0,0,1-.3.3H8.37a.106.106,0,0,0-.12.12V-3.6a.265.265,0,0,1-.3.3H7.17a.265.265,0,0,1-.3-.3V-8.67a.106.106,0,0,0-.12-.12H1.56a.265.265,0,0,1-.3-.3v-.78a.265.265,0,0,1,.3-.3H6.75a.106.106,0,0,0,.12-.12v-5.34a.265.265,0,0,1,.3-.3h.78a.265.265,0,0,1,.3.3v5.34a.106.106,0,0,0,.12.12Z\" transform=\"translate(-1.26 15.93)\" \/>\n<\/svg>\n                                    <svg xmlns=\"http:\/\/www.w3.org\/2000\/svg\" width=\"12\" height=\"1.2\" viewBox=\"0 0 12 1.2\">\n\t<line id=\"Line_31\" data-name=\"Line 31\" x2=\"12\" transform=\"translate(0 0.6)\" fill=\"none\" stroke=\"#6d7884\" stroke-width=\"1.2\" \/>\n<\/svg>\n                                <\/div>\n                                <p class=\"question-text h6\">\n                                    Exploiter la technologie                                <\/p>\n                            <\/div>\n                            <div class=\"answer\">\n                                <div class=\"answer-wrapper\">\n                                    <p>Chez Freshstream, nous int\u00e9grons les technologies les plus r\u00e9centes pour optimiser les syst\u00e8mes et les donn\u00e9es, afin d\u2019am\u00e9liorer la performance et d\u2019acc\u00e9l\u00e9rer la croissance. Nous r\u00e9alisons des audits approfondis des infrastructures existantes, en mettant l\u2019accent sur l\u2019\u00e9volutivit\u00e9, la cybers\u00e9curit\u00e9 et la gestion des donn\u00e9es. Apr\u00e8s une acquisition, notre accompagnement technologique inclut des analyses avanc\u00e9es pour soutenir les initiatives de cr\u00e9ation de valeur, l\u2019extraction et l\u2019exploitation des donn\u00e9es, l\u2019audit des mises \u00e0 niveau informatiques et des contr\u00f4les r\u00e9guliers de cybers\u00e9curit\u00e9.<\/p>\n                                <\/div>\n                            <\/div>\n                        <\/div>\n                                            <div class=\"question-container \">\n                            <div class=\"question\"\n                                data-value-image=\"https:\/\/freshstream.twelvetwentystage.com\/wp-content\/uploads\/2024\/05\/Avicenna-Mixed_M1A6957.png\"\n                                data-value-image-mobile=\"https:\/\/freshstream.twelvetwentystage.com\/wp-content\/uploads\/2024\/05\/Avicenna-Mixed_M1A6957-800x530.png\">\n                                <div class=\"button-dropdown\">\n                                    <svg xmlns=\"http:\/\/www.w3.org\/2000\/svg\" width=\"12.6\" height=\"12.63\" viewBox=\"0 0 12.6 12.63\">\n\t<path id=\"Path_11813\" data-name=\"Path 11813\" d=\"M13.56-10.17a.265.265,0,0,1,.3.3v.78a.265.265,0,0,1-.3.3H8.37a.106.106,0,0,0-.12.12V-3.6a.265.265,0,0,1-.3.3H7.17a.265.265,0,0,1-.3-.3V-8.67a.106.106,0,0,0-.12-.12H1.56a.265.265,0,0,1-.3-.3v-.78a.265.265,0,0,1,.3-.3H6.75a.106.106,0,0,0,.12-.12v-5.34a.265.265,0,0,1,.3-.3h.78a.265.265,0,0,1,.3.3v5.34a.106.106,0,0,0,.12.12Z\" transform=\"translate(-1.26 15.93)\" \/>\n<\/svg>\n                                    <svg xmlns=\"http:\/\/www.w3.org\/2000\/svg\" width=\"12\" height=\"1.2\" viewBox=\"0 0 12 1.2\">\n\t<line id=\"Line_31\" data-name=\"Line 31\" x2=\"12\" transform=\"translate(0 0.6)\" fill=\"none\" stroke=\"#6d7884\" stroke-width=\"1.2\" \/>\n<\/svg>\n                                <\/div>\n                                <p class=\"question-text h6\">\n                                    Adopter le d\u00e9veloppement durable                                <\/p>\n                            <\/div>\n                            <div class=\"answer\">\n                                <div class=\"answer-wrapper\">\n                                    <p>Nous sommes convaincus que chaque entreprise a l\u2019opportunit\u00e9 d\u2019avoir un impact positif en s\u2019appuyant sur ses actifs, de comp\u00e9tences et ses r\u00e9seaux. Chez Freshstream, nous int\u00e9grons les crit\u00e8res ESG comme un levier strat\u00e9gique de performance \u00e0 long terme.<br \/>\nNous nous engageons \u00e9galement en faveur de la neutralit\u00e9 carbone et adoptons une approche proactive pour nos entreprises en portefeuille pour mesurer l\u2019empreinte carbone, identifier des solutions pour r\u00e9duire les \u00e9missions et soutenir des initiatives de compensation carbone certifi\u00e9es.<\/p>\n                                <\/div>\n                            <\/div>\n                        <\/div>\n                                    <\/div>\n            <\/div>\n        <\/div>\n    <\/div>\n<\/div>\n\n\n<div class=\"block block-center-text has-background-color background-color-yellow\" data-name=\"Centered text\" id=\"block_db505d651fa149061bf5800a15289e33\">\n    <div class=\"center-text\">\n        <div class=\"container\">\n            <h3 class=\"title h3\">\n                Notre \u00e9quipe d\u00e9di\u00e9e \u00e0 la cr\u00e9ation de valeur op\u00e9rationnelle            <\/h3>\n            <div class=\"text block-text-content\">\n                <p>Pour vous aider \u00e0 relever ces d\u00e9fis, nous mettons \u00e0 votre disposition une \u00e9quipe interne d\u2019experts d\u00e9di\u00e9e, qui travaille \u00e0 vos c\u00f4t\u00e9s au sein de votre entreprise.<\/p>\n<p>Nous n\u2019endossons pas de fonctions de gestion, mais nous apportons un renfort strat\u00e9gique et op\u00e9rationnel lorsque vos ressources internes sont limit\u00e9es. De plus, nous vous connectons \u00e0 notre vaste r\u00e9seau d\u2019experts de classe mondiale, couvrant une multitude de domaines.<\/p>\n            <\/div>\n        <\/div>\n    <\/div>\n<\/div>\n\n\n<div class=\"block block-advanced-image-text image-fit-cover\" data-name=\"Advanced Image &#038; Text\" id=\"block_a6f0f34d177fc918ecd7c8eba51d3999\">\n    <div class=\"advanced-image-text\">\n        <div class=\"container\">\n            <div class=\"inner-container\">\n                <div class=\"upper\">\n                    <div class=\"text-wrapper\">\n                        <h4 class=\"title h3\">\n                            FreshThinking est un programme exclusif con\u00e7u pour accompagner les cadres \u00e0 fort potentiel au sein des entreprises du portefeuille Freshstream.                        <\/h4>\n                        \n                                                    <div class=\"image\">\n                                        <picture>\n            <source media=\"(max-width:600px)\" srcset=\"https:\/\/freshstream.twelvetwentystage.com\/wp-content\/uploads\/2024\/10\/FreshThinking-Freshstream-800x800.png\">\n            <img loading=\"lazy\" decoding=\"async\"\n                src=\"https:\/\/freshstream.twelvetwentystage.com\/wp-content\/uploads\/2024\/10\/FreshThinking-Freshstream-1200x1200.png\"\n                width=\"800\"\n                height=\"800\"\n                alt=\"freshthinking freshstream\"\n                class=\"\"\n            \/>\n        <\/picture>\n                                <\/div>\n                                            <\/div>\n                    <div class=\"text-wrapper\">\n                        <div class=\"text\">\n                            <p>\u00c0 travers des ateliers en groupe, du coaching individuel et des sessions de networking, ce programme aborde des th\u00e9matiques essentielles telles que le leadership et la d\u00e9finition des valeurs, la constitution et la gestion d\u2019\u00e9quipes performantes, les comp\u00e9tences cl\u00e9s pour les dirigeants et l\u2019ESG comme levier de cr\u00e9ation de valeur.<\/p>\n<p>FreshThinking offre aux managers en devenir l\u2019opportunit\u00e9 d\u2019apprendre de l\u2019exp\u00e9rience de Freshstream en mati\u00e8re de cr\u00e9ation de valeur, tout en partageant les meilleures pratiques avec leurs homologues du portefeuille.<br \/>\nL\u2019objectif : transformer des sp\u00e9cialistes fonctionnels en dirigeants complets, arm\u00e9s des outils n\u00e9cessaires pour acc\u00e9l\u00e9rer la croissance de leur entreprise.<\/p>\n<p>Gr\u00e2ce \u00e0 FreshThinking, Freshstream s\u2019engage \u00e0 cultiver un environnement propice \u00e0 la r\u00e9ussite, \u00e0 l\u2019\u00e9volution et au d\u00e9veloppement dans l\u2019ensemble de ses investissements.<\/p>\n                        <\/div>\n\n                                            <\/div>\n                <\/div>\n            <\/div>\n        <\/div>\n    <\/div>\n<\/div>","protected":false},"excerpt":{"rendered":"","protected":false},"author":1,"featured_media":0,"parent":0,"menu_order":0,"comment_status":"closed","ping_status":"closed","template":"","meta":{"_acf_changed":false,"footnotes":""},"class_list":["post-1866","page","type-page","status-publish","hentry"],"acf":[],"_links":{"self":[{"href":"https:\/\/freshstream.twelvetwentystage.com\/fr\/wp-json\/wp\/v2\/pages\/1866","targetHints":{"allow":["GET"]}}],"collection":[{"href":"https:\/\/freshstream.twelvetwentystage.com\/fr\/wp-json\/wp\/v2\/pages"}],"about":[{"href":"https:\/\/freshstream.twelvetwentystage.com\/fr\/wp-json\/wp\/v2\/types\/page"}],"author":[{"embeddable":true,"href":"https:\/\/freshstream.twelvetwentystage.com\/fr\/wp-json\/wp\/v2\/users\/1"}],"replies":[{"embeddable":true,"href":"https:\/\/freshstream.twelvetwentystage.com\/fr\/wp-json\/wp\/v2\/comments?post=1866"}],"version-history":[{"count":9,"href":"https:\/\/freshstream.twelvetwentystage.com\/fr\/wp-json\/wp\/v2\/pages\/1866\/revisions"}],"predecessor-version":[{"id":2194,"href":"https:\/\/freshstream.twelvetwentystage.com\/fr\/wp-json\/wp\/v2\/pages\/1866\/revisions\/2194"}],"wp:attachment":[{"href":"https:\/\/freshstream.twelvetwentystage.com\/fr\/wp-json\/wp\/v2\/media?parent=1866"}],"curies":[{"name":"wp","href":"https:\/\/api.w.org\/{rel}","templated":true}]}}