{"id":1862,"date":"2024-03-12T13:00:05","date_gmt":"2024-03-12T12:00:05","guid":{"rendered":"https:\/\/freshstream.twelvetwentystage.com\/esg\/"},"modified":"2025-03-03T16:54:53","modified_gmt":"2025-03-03T15:54:53","slug":"esg","status":"publish","type":"page","link":"https:\/\/freshstream.twelvetwentystage.com\/fr\/esg\/","title":{"rendered":"ESG"},"content":{"rendered":"\n<div class=\"block block-image-text image-right image-fit-cover has-background-color background-color-maypole\" data-name=\"Image &#038; Text\" id=\"block_37aef9801a9821b8026521b9e5604ce9\">\n    <div class=\"image-text trigger-in-view-later\">\n        <div class=\"container\">\n                            <div class=\"image fade\">\n                            <picture>\n            <source media=\"(max-width:600px)\" srcset=\"https:\/\/freshstream.twelvetwentystage.com\/wp-content\/uploads\/2024\/09\/06_QS_Freshstream-Awards-website-20240916-800x800.jpg\">\n            <img loading=\"lazy\" decoding=\"async\"\n                src=\"https:\/\/freshstream.twelvetwentystage.com\/wp-content\/uploads\/2024\/09\/06_QS_Freshstream-Awards-website-20240916-1200x1200.jpg\"\n                width=\"800\"\n                height=\"800\"\n                alt=\"freshstream-awards-website\"\n                class=\"\"\n            \/>\n        <\/picture>\n                                        <\/div>\n            \n            <div class=\"text-wrapper\">\n                                    <h4 class=\"title h2 fade\">\n                        Introduction                    <\/h4>\n                                <div class=\"text block-text-content fade\">\n                    <p>L\u2019ESG est au c\u0153ur de notre strat\u00e9gie d\u2019investissement, int\u00e9gr\u00e9 \u00e0 chaque \u00e9tape de notre processus d\u00e9cisionnel. Bien que plusieurs membres de l\u2019\u00e9quipe au sein de la soci\u00e9t\u00e9 se consacrent aux initiatives ESG, nous croyons qu\u2019une int\u00e9gration compl\u00e8te et efficace des crit\u00e8res ESG n\u00e9cessite une responsabilit\u00e9 collective.<\/p>\n<p>En collaboration avec nos \u00e9quipes de gestion de portefeuille, nous \u00e9laborons des strat\u00e9gies ESG sur mesure incluant des indicateurs cl\u00e9s de performance (KPI) \u00e0 l&rsquo;\u00e9chelle du portefeuille et des initiatives sp\u00e9cifiques \u00e0 chaque entreprise. Nous visons notamment \u00e0 att\u00e9nuer le changement climatique en r\u00e9duisant les \u00e9missions de carbone et \u00e0 cr\u00e9er des environnements de travail positifs avec des employ\u00e9s engag\u00e9s.<\/p>\n<p>En 2024, Freshstream a \u00e9t\u00e9 reconnu par la BVCA en tant que meilleur GP dans la cat\u00e9gorie actifs sous gestion inf\u00e9rieurs \u00e0 1 milliard de livres sterling lors des Excellence in ESG Awards. En outre, nous avons \u00e9t\u00e9 pr\u00e9s\u00e9lectionn\u00e9s pour la deuxi\u00e8me ann\u00e9e cons\u00e9cutive aux Real Deals ESG Awards dans la cat\u00e9gorie \u00ab Soci\u00e9t\u00e9 de capital-investissement de l\u2019ann\u00e9e \u00bb pour le march\u00e9 small-mid cap (valeur d\u2019entreprise de 20 \u00e0 50 millions d\u2019euros).<\/p>\n                <\/div>\n                                <div class=\"button-wrapper fade-in\">\n                                            \n            <a class=\"button default\"\n            href=\"https:\/\/freshstream.twelvetwentystage.com\/wp-content\/uploads\/2024\/10\/Freshstream-ESG-Annual-Review-2023-2024.pdf\"\n            target=\"_blank\"\n            rel=\"noreferrer noopener\"        >\n            RAPPORT ESG 2023\/2024\n                    <\/a>\n    \n                                                            <\/div>\n                            <\/div>\n        <\/div>\n    <\/div>\n<\/div>\n\n\n<div class=\"block block-highlights\" data-name=\"Highlights\"\n    id=\"block_b78b94158b798a4f60e3e67e0e3f703d\">\n    <div class=\"highlights\">\n        <div class=\"container\">\n            <h2 class=\"title h2\">\n                R\u00e9alisations r\u00e9centes            <\/h2>\n        <\/div>\n\n        <div class=\"swiper-container highlights-swiper container\">\n            <div class=\"swiper-wrapper\">\n                                    <div class=\"swiper-slide\">\n                        <div class=\"card-highlights\">\n    <div class=\"title-container\">\n        <div class=\"text-container\">\n            <p class=\"title h2\">\n                <span>73<\/span>%            <\/p>\n        <\/div>\n    <\/div>\n    <div class=\"inner-container\">\n        <p class=\"text\">\n            Freshstream s&rsquo;est class\u00e9e parmi les meilleures soci\u00e9t\u00e9s dans l&rsquo;\u00e9valuation ESG de Preqin en 2023        <\/p>\n    <\/div>\n<\/div>                    <\/div>\n                                    <div class=\"swiper-slide\">\n                        <div class=\"card-highlights\">\n    <div class=\"title-container\">\n        <div class=\"text-container\">\n            <p class=\"title h2\">\n                ><span>90<\/span>%            <\/p>\n        <\/div>\n    <\/div>\n    <div class=\"inner-container\">\n        <p class=\"text\">\n            Plus de 90 % des \u00e9missions de carbone des entreprises de notre portefeuille sont couvertes par des strat\u00e9gies de r\u00e9duction d\u00e9j\u00e0 mises en \u0153uvre ou en cours de d\u00e9ploiement        <\/p>\n    <\/div>\n<\/div>                    <\/div>\n                                    <div class=\"swiper-slide\">\n                        <div class=\"card-highlights\">\n    <div class=\"title-container\">\n        <div class=\"text-container\">\n            <p class=\"title h2\">\n                <span>176<\/span>kt <br>de CO2            <\/p>\n        <\/div>\n    <\/div>\n    <div class=\"inner-container\">\n        <p class=\"text\">\n            2,5 millions de dollars investis dans des initiatives de compensation carbone, soit l\u2019\u00e9quivalent de 176 kilotonnes de CO\u2082        <\/p>\n    <\/div>\n<\/div>                    <\/div>\n                                    <div class=\"swiper-slide\">\n                        <div class=\"card-highlights\">\n    <div class=\"title-container\">\n        <div class=\"text-container\">\n            <p class=\"title h2\">\n                <<span>26<\/span>%            <\/p>\n        <\/div>\n    <\/div>\n    <div class=\"inner-container\">\n        <p class=\"text\">\n            L\u2019intensit\u00e9 carbone des scopes I et II \u00e0 l\u2019\u00e9chelle du portefeuille a diminu\u00e9 de 26%        <\/p>\n    <\/div>\n<\/div>                    <\/div>\n                            <\/div>\n        <\/div>\n\n    <\/div>\n<\/div>\n\n\n<div class=\"block small-margin block-center-text has-background-color background-color-yellow\" data-name=\"Centered text\" id=\"block_899b33fe9bd40d1f460221549419eb40\">\n    <div class=\"center-text\">\n        <div class=\"container\">\n            <h3 class=\"title h3\">\n                Les initiatives que nous soutenons            <\/h3>\n            <div class=\"text block-text-content\">\n                <p>Depuis 2021, nous sommes signataires des Principes pour l\u2019Investissement Responsable (PRI) des Nations Unies, un r\u00e9seau mondial d\u2019investisseurs qui travaillent ensemble pour garantir que les enjeux ESG sont pleinement int\u00e9gr\u00e9s dans l\u2019analyse et la prise de d\u00e9cision en mati\u00e8re d\u2019investissement.<\/p>\n<p>Nous avons \u00e9galement \u00e9t\u00e9 l\u2019un des 100 premiers participants \u00e0 l\u2019Initiative de convergence des donn\u00e9es ESG (EDCI). Cette initiative rassemble les acteurs du capital-investissement afin d\u2019harmoniser et de simplifier la collecte et la communication des donn\u00e9es ESG, dans un secteur historiquement marqu\u00e9 par des approches fragment\u00e9es.<\/p>\n<p>Dans le cadre de notre engagement envers la transition climatique, nous sommes signataires de l\u2019Initiative Climat International (iCI). Cet engagement nous permet d\u2019aligner notre d\u00e9marche sur le plan d\u2019action en trois phases de la TCFD et de collaborer avec une communaut\u00e9 mondiale d\u2019investisseurs en capital-investissement qui cherchent \u00e0 mieux comprendre et g\u00e9rer les risques li\u00e9s au changement climatique.<\/p>\n<p>Enfin, nous adh\u00e9rons aux outils d\u2019analyse comparative d\u00e9velopp\u00e9s par Preqin et l\u2019Institutional Limited Partners Association (ILPA), qui nous permettent d\u2019\u00e9valuer et d\u2019am\u00e9liorer nos pratiques ESG de mani\u00e8re rigoureuse et objective.<\/p>\n            <\/div>\n        <\/div>\n    <\/div>\n<\/div>\n\n\n<div class=\"block client-logos block-logos\"\n    data-name=\"Client logos\"\n    id=\"block_6dcd57d49dd814189488f92088393250\"\n    data-logo-urls=\"https:\/\/freshstream.twelvetwentystage.com\/wp-content\/uploads\/2024\/03\/Freshstream-initiatives-logos-ILPA.png,https:\/\/freshstream.twelvetwentystage.com\/wp-content\/uploads\/2024\/03\/Freshstream-initiatives-logos_EDCI.png,https:\/\/freshstream.twelvetwentystage.com\/wp-content\/uploads\/2024\/03\/Freshstream-initiatives-logos-PRI.png,https:\/\/freshstream.twelvetwentystage.com\/wp-content\/uploads\/2024\/03\/Freshstream-initiatives-logos_iCI.png\"\n    data-logo-count-desktop=\"5\"\n    data-logo-count-mobile=\"4\"\n>\n    <ul class=\"container\">\n                    <li data-index=\"0\">\n                <a class=\"card-logo\" href=\"https:\/\/ilpa.org\/\" target=\"_blank\" rel=\"noopener noreferrer\">\n                    <div class=\"logo active\">\n                                <picture>\n            <source media=\"(max-width:600px)\" srcset=\"https:\/\/freshstream.twelvetwentystage.com\/wp-content\/uploads\/2024\/03\/Freshstream-initiatives-logos-ILPA.png\">\n            <img loading=\"lazy\" decoding=\"async\"\n                src=\"https:\/\/freshstream.twelvetwentystage.com\/wp-content\/uploads\/2024\/03\/Freshstream-initiatives-logos-ILPA.png\"\n                width=\"180\"\n                height=\"180\"\n                alt=\"freshstream-initiatives-logos-ilpa\"\n                class=\"\"\n            \/>\n        <\/picture>\n                        <\/div>\n                <\/a>\n            <\/li>\n                    <li data-index=\"1\">\n                <a class=\"card-logo\" href=\"https:\/\/www.esgdc.org\/\" target=\"_blank\" rel=\"noopener noreferrer\">\n                    <div class=\"logo active\">\n                                <picture>\n            <source media=\"(max-width:600px)\" srcset=\"https:\/\/freshstream.twelvetwentystage.com\/wp-content\/uploads\/2024\/03\/Freshstream-initiatives-logos_EDCI.png\">\n            <img loading=\"lazy\" decoding=\"async\"\n                src=\"https:\/\/freshstream.twelvetwentystage.com\/wp-content\/uploads\/2024\/03\/Freshstream-initiatives-logos_EDCI.png\"\n                width=\"180\"\n                height=\"180\"\n                alt=\"freshstream-initiatives-logos_edci\"\n                class=\"\"\n            \/>\n        <\/picture>\n                        <\/div>\n                <\/a>\n            <\/li>\n                    <li data-index=\"2\">\n                <a class=\"card-logo\" href=\"https:\/\/www.unpri.org\/\" target=\"_blank\" rel=\"noopener noreferrer\">\n                    <div class=\"logo active\">\n                                <picture>\n            <source media=\"(max-width:600px)\" srcset=\"https:\/\/freshstream.twelvetwentystage.com\/wp-content\/uploads\/2024\/03\/Freshstream-initiatives-logos-PRI.png\">\n            <img loading=\"lazy\" decoding=\"async\"\n                src=\"https:\/\/freshstream.twelvetwentystage.com\/wp-content\/uploads\/2024\/03\/Freshstream-initiatives-logos-PRI.png\"\n                width=\"180\"\n                height=\"180\"\n                alt=\"freshstream-initiatives-logos-pri\"\n                class=\"\"\n            \/>\n        <\/picture>\n                        <\/div>\n                <\/a>\n            <\/li>\n                    <li data-index=\"3\">\n                <a class=\"card-logo\" href=\"https:\/\/icl-group-sustainability.com\/\" target=\"_blank\" rel=\"noopener noreferrer\">\n                    <div class=\"logo active\">\n                                <picture>\n            <source media=\"(max-width:600px)\" srcset=\"https:\/\/freshstream.twelvetwentystage.com\/wp-content\/uploads\/2024\/03\/Freshstream-initiatives-logos_iCI.png\">\n            <img loading=\"lazy\" decoding=\"async\"\n                src=\"https:\/\/freshstream.twelvetwentystage.com\/wp-content\/uploads\/2024\/03\/Freshstream-initiatives-logos_iCI.png\"\n                width=\"180\"\n                height=\"180\"\n                alt=\"freshstream-initiatives-logos_ici\"\n                class=\"\"\n            \/>\n        <\/picture>\n                        <\/div>\n                <\/a>\n            <\/li>\n            <\/ul>\n<\/div>\n\n\n<div class=\"block block-center-text has-background-color background-color-yellow\" data-name=\"Centered text\" id=\"block_b8f5c0066e7d85b34ab47cd7c8e57043\">\n    <div class=\"center-text\">\n        <div class=\"container\">\n            <h3 class=\"title h3\">\n                Att\u00e9nuation du changement climatique            <\/h3>\n            <div class=\"text block-text-content\">\n                <p>Nous sommes convaincus que chaque entreprise, quelle que soit sa taille, doit prendre en compte son impact sur le climat et assumer la responsabilit\u00e9 de le r\u00e9duire \u00e0 travers des strat\u00e9gies d\u2019att\u00e9nuation et de compensation carbone.<\/p>\n<p>C\u2019est pourquoi nous mesurons syst\u00e9matiquement les \u00e9missions de gaz \u00e0 effet de serre des scopes 1 et 2 pour l\u2019ensemble des entreprises de notre portefeuille. Nous collaborons \u00e9troitement avec elles afin de d\u00e9finir des objectifs de r\u00e9duction \u00e0 long terme bas\u00e9s sur des crit\u00e8res scientifiques, en ligne avec l\u2019Accord de Paris. Nous mettons \u00e9galement en place un cadre de suivi rigoureux, garantissant des rapports r\u00e9guliers sur les indicateurs cl\u00e9s et encourageant les initiatives visant \u00e0 r\u00e9duire les \u00e9missions \u00e0 la source.<\/p>\n<p>Pour compenser les \u00e9missions r\u00e9siduelles, nous investissons dans deux projets certifi\u00e9s : un programme de reforestation en Colombie et un projet visant \u00e0 am\u00e9liorer l\u2019acc\u00e8s \u00e0 l\u2019eau potable et aux \u00e9quipements de cuisson au Guatemala. Freshstream est fi\u00e8re d\u2019\u00eatre neutre en carbone depuis 2018, un engagement que nous avons \u00e9tendu \u00e0 l\u2019ensemble de nos entreprises en portefeuille depuis 2021, conform\u00e9ment \u00e0 notre politique de neutralit\u00e9 carbone.<\/p>\n            <\/div>\n        <\/div>\n    <\/div>\n<\/div>\n\n\n<div class=\"block block-advanced-image-text image-fit-cover\" data-name=\"Advanced Image &#038; Text\" id=\"block_989bc8ea80052c988c41335e9dc1b9ea\">\n    <div class=\"advanced-image-text\">\n        <div class=\"container\">\n            <div class=\"inner-container\">\n                <div class=\"upper\">\n                    <div class=\"text-wrapper\">\n                        <h4 class=\"title h3\">\n                            Cr\u00e9er des lieux de travail positifs                        <\/h4>\n                        \n                                                    <div class=\"image\">\n                                        <picture>\n            <source media=\"(max-width:600px)\" srcset=\"https:\/\/freshstream.twelvetwentystage.com\/wp-content\/uploads\/2024\/04\/Freshstream-Value-Creation-2-800x553.jpg\">\n            <img loading=\"lazy\" decoding=\"async\"\n                src=\"https:\/\/freshstream.twelvetwentystage.com\/wp-content\/uploads\/2024\/04\/Freshstream-Value-Creation-2-1200x829.jpg\"\n                width=\"800\"\n                height=\"553\"\n                alt=\"freshstream-value-creation\"\n                class=\"\"\n            \/>\n        <\/picture>\n                                <\/div>\n                                            <\/div>\n                    <div class=\"text-wrapper\">\n                        <div class=\"text\">\n                            <p>Les employ\u00e9s engag\u00e9s sont au c\u0153ur de toute entreprise prosp\u00e8re. Ils sont plus productifs, ont tendance \u00e0 rester plus longtemps dans l\u2019entreprise, contribuent au recrutement des meilleurs talents et, surtout, sont des ambassadeurs satisfaits de l\u2019entreprise. C\u2019est pourquoi, chez Freshstream, nous mettons un point d\u2019honneur \u00e0 cr\u00e9er des environnements de travail positifs o\u00f9 les employ\u00e9s sont fiers d\u2019\u00e9voluer.<\/p>\n<p>Nous collaborons avec nos entreprises en portefeuille pour suivre r\u00e9guli\u00e8rement l\u2019engagement des employ\u00e9s via des enqu\u00eates sur mesure. Nous encourageons \u00e9galement des initiatives visant \u00e0 am\u00e9liorer en continu leur satisfaction et \u00e0 renforcer l&rsquo;implication de chaque membre de l&rsquo;\u00e9quipe.<\/p>\n                        <\/div>\n\n                                            <\/div>\n                <\/div>\n            <\/div>\n        <\/div>\n    <\/div>\n<\/div>\n\n<div class=\"core-content paragraph-content\">\n<p><\/p>\n<\/div>\n\n\n<div class=\"block block-download-block\" data-name=\"Downloads\"\n    id=\"block_c9965f2036f1e86a5f2a7fc974ea4cac\">\n    <div class=\"download-block border-bottom\">\n        <div class=\"container\">\n            <h3 class=\"title h2\">\n                Nous publions un rapport ESG annuel depuis 2020, qui s\u2019enrichit chaque ann\u00e9e. Tous les rapports, y compris la derni\u00e8re version 2023\/2024, peuvent \u00eatre t\u00e9l\u00e9charg\u00e9s ici.            <\/h3>\n        <\/div>\n        <div class=\"download-container container\">\n                            \n            <a class=\"button default\"\n            href=\"https:\/\/freshstream.twelvetwentystage.com\/wp-content\/uploads\/2024\/04\/Freshstream-ESG-Annual-Review-2020.pdf\"\n            target=\"_blank\"\n            rel=\"noreferrer noopener\"        >\n            Rapport ESG 2020\n                    <\/a>\n    \n                                \n            <a class=\"button default\"\n            href=\"https:\/\/freshstream.twelvetwentystage.com\/wp-content\/uploads\/2024\/04\/Freshstream-ESG-Annual-Review-2021.pdf\"\n            target=\"_blank\"\n            rel=\"noreferrer noopener\"        >\n            Rapport ESG 2021\n                    <\/a>\n    \n                                \n            <a class=\"button default\"\n            href=\"https:\/\/freshstream.twelvetwentystage.com\/wp-content\/uploads\/2024\/04\/Freshstream-ESG-Annual-Review-2022-2023.pdf\"\n            target=\"_blank\"\n            rel=\"noreferrer noopener\"        >\n            Rapport ESG 2022\/2023\n                    <\/a>\n    \n                                \n            <a class=\"button default\"\n            href=\"https:\/\/freshstream.twelvetwentystage.com\/wp-content\/uploads\/2024\/10\/Freshstream-ESG-Annual-Review-2023-2024.pdf\"\n            target=\"_blank\"\n            rel=\"noreferrer noopener\"        >\n            Rapport ESG 2023\/2024\n                    <\/a>\n    \n                                \n            <a class=\"button default\"\n            href=\"https:\/\/freshstream.twelvetwentystage.com\/wp-content\/uploads\/2024\/04\/Freshstream-ESG-and-SRI-Policy-vF.pdf\"\n            target=\"_blank\"\n            rel=\"noreferrer noopener\"        >\n            POLITIQUE ESG ET ISR\n                    <\/a>\n    \n                \n        <\/div>\n    <\/div>\n<\/div>","protected":false},"excerpt":{"rendered":"","protected":false},"author":1,"featured_media":0,"parent":0,"menu_order":0,"comment_status":"closed","ping_status":"closed","template":"","meta":{"_acf_changed":false,"footnotes":""},"class_list":["post-1862","page","type-page","status-publish","hentry"],"acf":[],"_links":{"self":[{"href":"https:\/\/freshstream.twelvetwentystage.com\/fr\/wp-json\/wp\/v2\/pages\/1862","targetHints":{"allow":["GET"]}}],"collection":[{"href":"https:\/\/freshstream.twelvetwentystage.com\/fr\/wp-json\/wp\/v2\/pages"}],"about":[{"href":"https:\/\/freshstream.twelvetwentystage.com\/fr\/wp-json\/wp\/v2\/types\/page"}],"author":[{"embeddable":true,"href":"https:\/\/freshstream.twelvetwentystage.com\/fr\/wp-json\/wp\/v2\/users\/1"}],"replies":[{"embeddable":true,"href":"https:\/\/freshstream.twelvetwentystage.com\/fr\/wp-json\/wp\/v2\/comments?post=1862"}],"version-history":[{"count":7,"href":"https:\/\/freshstream.twelvetwentystage.com\/fr\/wp-json\/wp\/v2\/pages\/1862\/revisions"}],"predecessor-version":[{"id":2198,"href":"https:\/\/freshstream.twelvetwentystage.com\/fr\/wp-json\/wp\/v2\/pages\/1862\/revisions\/2198"}],"wp:attachment":[{"href":"https:\/\/freshstream.twelvetwentystage.com\/fr\/wp-json\/wp\/v2\/media?parent=1862"}],"curies":[{"name":"wp","href":"https:\/\/api.w.org\/{rel}","templated":true}]}}